{"id":5,"date":"2020-08-14T18:02:17","date_gmt":"2020-08-14T18:02:17","guid":{"rendered":"https:\/\/apps.ccul.pt\/educoracao\/?page_id=5"},"modified":"2020-10-23T22:32:57","modified_gmt":"2020-10-23T22:32:57","slug":"home","status":"publish","type":"page","link":"https:\/\/apps.ccul.pt\/educoracao\/","title":{"rendered":"EduCora\u00e7\u00e3o"},"content":{"rendered":"\n<div class=\"wp-block-group\"><div class=\"wp-block-group__inner-container\">\n<div class=\"wp-block-cover\" style=\"background-image:url(https:\/\/apps.ccul.pt\/educoracao\/wp-content\/uploads\/2020\/09\/featureGraphic2_optimized.jpg);background-position:61% 52%;min-height:500px\"><div class=\"wp-block-cover__inner-container\">\n<p class=\"has-text-align-center has-large-font-size\"><\/p>\n<\/div><\/div>\n\n\n\n<div id=\"badges\">\n<a href=\"https:\/\/play.google.com\/store\/apps\/details?id=com.lisbonlabs.educoracao\"><img alt=\"Dispon\u00edvel no Google Play\" src=\"https:\/\/play.google.com\/intl\/en_us\/badges\/static\/images\/badges\/pt_badge_web_generic.png\"><\/a>\n<a href=\"https:\/\/apps.apple.com\/pt\/app\/educora%C3%A7%C3%A3o\/id1533278348?l=pt\"><img alt=\"Dispon\u00edvel na App Store\" src=\"https:\/\/apps.ccul.pt\/educoracao\/wp-content\/uploads\/2020\/08\/Download_on_the_App_Store_Badge_PTPT_blk_100317.png\"><\/a>\n<\/div>\n<\/div><\/div>\n\n\n\n<div class=\"wp-block-group\"><div class=\"wp-block-group__inner-container\">\n<div class=\"wp-block-columns\">\n<div class=\"wp-block-column\">\n<p>As doen\u00e7as cardiovasculares s\u00e3o a principal causa de morbilidade e mortalidade em Portugal. Esta aplica\u00e7\u00e3o pretende sensibilizar a sociedade para a sa\u00fade cardiovascular, dando a conhecer o sistema cardiovascular, suas principais doen\u00e7as e como preveni-las.<\/p>\n\n\n\n<p>Professores do ensino b\u00e1sico e secund\u00e1rio poder\u00e3o usar esta aplica\u00e7\u00e3o como um material de refer\u00eancia, no qual os conte\u00fados, ao serem visualizados em realidade aumentada, tornar-se-\u00e3o atrativos e de f\u00e1cil compreens\u00e3o.<\/p>\n<\/div>\n\n\n\n<div class=\"wp-block-column\">\n<p>As crian\u00e7as e jovens poder\u00e3o usar esta aplica\u00e7\u00e3o como complemento ao seu estudo individual e partilha de conhecimentos em ambiente familiar. M\u00e9dicos poder\u00e3o usar a aplica\u00e7\u00e3o, facilitando a comunica\u00e7\u00e3o com os seus doentes.<\/p>\n\n\n\n<p>Esta aplica\u00e7\u00e3o, desenvolvida pelo Centro Cardiovascular da Universidade de Lisboa (CCUL), promove a literacia em sa\u00fade cardiovascular e contribui para a preven\u00e7\u00e3o, controlo e redu\u00e7\u00e3o da doen\u00e7a cardiovascular a n\u00edvel global.<\/p>\n<\/div>\n<\/div>\n<\/div><\/div>\n\n\n\n<p><\/p>\n\n\n\n<div class=\"wp-block-columns\">\n<div class=\"wp-block-column\">\n<h4 class=\"has-text-align-center\">Publisher<\/h4>\n\n\n\n<p>Centro Cardiovascular da Universidade de Lisboa, Faculdade de Medicina da Universidade de Lisboa (CCUL,FMUL)<\/p>\n<\/div>\n\n\n\n<div class=\"wp-block-column\">\n<h4 class=\"has-text-align-center\">Suporte Financeiro<\/h4>\n\n\n\n<p>Este projeto foi financiado pela Ci\u00eancia Viva \u2013 Ag\u00eancia Nacional para a Cultura Cient\u00edfica e Tecnol\u00f3gica, ao abrigo do concurso Comunicar Sa\u00fade.\u200b<\/p>\n<\/div>\n<\/div>\n\n\n\n<hr class=\"wp-block-separator is-style-default\"\/>\n\n\n\n<div class=\"wp-block-columns\">\n<div class=\"wp-block-column\">\n<h4>Perguntas Frequentes<\/h4>\n\n\n<div id=\"accordions-25\" class=\"accordions-25 accordions\">\r\n                <div id=\"accordions-lazy-25\" class=\"accordions-lazy\">\r\n                    <\/div>\r\n        <script>\r\n            jQuery(window).load(function(){\r\n                jQuery('#accordions-lazy-25').fadeOut();\r\n                jQuery('#accordions-25 .items').fadeIn();\r\n            });\r\n        <\/script><style type='text\/css'>\r\n        @media only screen and (min-width: 1024px ){\r\n            #accordions-25 {\r\n                            width: 100%;\r\n                        }\r\n        }\r\n        @media only screen and ( min-width: 768px ) and ( max-width: 1023px ) {\r\n            #accordions-25 {\r\n                            width: 100%;\r\n                        }\r\n        }\r\n        @media only screen and ( min-width: 0px ) and ( max-width: 767px ){\r\n            #accordions-25 {\r\n                            width: 100%;\r\n                        }\r\n        }\r\n                    #accordions-25 .items {display: none;}\r\n            #accordions-25 .accordions-lazy {\r\n                text-align: center;\r\n                position: absolute;\r\n                top: 50%;\r\n                left: 50%;\r\n                transform: translate(-50%, -50%);\r\n            }\r\n            #accordions-25 {\r\n                            text-align: left;\r\n                                        background:#ffffff url() repeat scroll 0 0;\r\n                                    position: relative;\r\n        }\r\n        #accordions-25 .accordions-head{\r\n                    background:#fefefef none repeat scroll 0 0;\r\n                                    outline: none;\r\n        }\r\n        #accordions-25 .accordions-head-title{\r\n                            color:#666666;\r\n                            font-size:16px;\r\n                }\r\n        #accordions-25 .accordions-head-title-toggle{\r\n                    color:#666666;\r\n                            font-size:16px;\r\n                }\r\n        #accordions-25 .accordions-head:hover .accordions-head-title{\r\n                    color:#333333;\r\n                }\r\n        #accordions-25 .ui-state-active{\r\n                    background: #efefef;\r\n                    border: none;\r\n        }\r\n        #accordions-25 .accordion-content{\r\n                            background:#ffffff none repeat scroll 0 0;\r\n                                                    border: none;\r\n        }\r\n        #accordions-25 .accordion-icons{\r\n                        color:#666666;\r\n                                                                    }\r\n        #accordions-25 .accordions-head:hover .accordion-icons span{\r\n                        color:#333333;\r\n                    }\r\n            <\/style>\r\n    <div class=\"items\">\r\n                        <div post_id=\"25\" itemcount=\"0\" header_id=\"header-1597430782756\" id=\"header-1597430782756\" style=\"\" class=\"accordions-head head1597430782756 border-none\" toggle-text=\"\" main-text=\"Os conte\u00fados est\u00e3o a aparecer virados para cima e n\u00e3o virados para mim, como posso resolver?\">\r\n                                            <span id=\"accordion-icons-1597430782756\" class=\"accordion-icons\">\r\n                            <span class=\"accordion-icon-active accordion-plus\"><i class=\"fas fa-chevron-up\"><\/i><\/span>\r\n                            <span class=\"accordion-icon-inactive accordion-minus\"><i class=\"fas fa-chevron-right\"><\/i><\/span>\r\n                        <\/span>\r\n                        <span id=\"header-text-1597430782756\" class=\"accordions-head-title\">Os conte\u00fados est\u00e3o a aparecer virados para cima e n\u00e3o virados para mim, como posso resolver?<\/span>\r\n                                        <\/div>\r\n                <div class=\"accordion-content content1597430782756 \">\r\n                    <p>Volte ao menu inicial e seleccione a op\u00e7\u00e3o da brochura.<\/p>\n                <\/div>\r\n                                <div post_id=\"25\" itemcount=\"1\" header_id=\"header-1597430800956\" id=\"header-1597430800956\" style=\"\" class=\"accordions-head head1597430800956 border-none\" toggle-text=\"\" main-text=\"Os conte\u00fados aparecem virados para o ch\u00e3o, n\u00e3o se percebe, como posso resolver?\">\r\n                                            <span id=\"accordion-icons-1597430800956\" class=\"accordion-icons\">\r\n                            <span class=\"accordion-icon-active accordion-plus\"><i class=\"fas fa-chevron-up\"><\/i><\/span>\r\n                            <span class=\"accordion-icon-inactive accordion-minus\"><i class=\"fas fa-chevron-right\"><\/i><\/span>\r\n                        <\/span>\r\n                        <span id=\"header-text-1597430800956\" class=\"accordions-head-title\">Os conte\u00fados aparecem virados para o ch\u00e3o, n\u00e3o se percebe, como posso resolver?<\/span>\r\n                                        <\/div>\r\n                <div class=\"accordion-content content1597430800956 \">\r\n                    <p>Volte ao menu inicial e seleccione a op\u00e7\u00e3o com monitor\/\u00e9cran.<\/p>\n                <\/div>\r\n                                <div post_id=\"25\" itemcount=\"2\" header_id=\"header-1597430824162\" id=\"header-1597430824162\" style=\"\" class=\"accordions-head head1597430824162 border-none\" toggle-text=\"\" main-text=\"Instalei a app no Android mas quando tento ver os conte\u00fados diz-me que falta o Google service para AR, o que fa\u00e7o?\">\r\n                                            <span id=\"accordion-icons-1597430824162\" class=\"accordion-icons\">\r\n                            <span class=\"accordion-icon-active accordion-plus\"><i class=\"fas fa-chevron-up\"><\/i><\/span>\r\n                            <span class=\"accordion-icon-inactive accordion-minus\"><i class=\"fas fa-chevron-right\"><\/i><\/span>\r\n                        <\/span>\r\n                        <span id=\"header-text-1597430824162\" class=\"accordions-head-title\">Instalei a app no Android mas quando tento ver os conte\u00fados diz-me que falta o Google service para AR, o que fa\u00e7o?<\/span>\r\n                                        <\/div>\r\n                <div class=\"accordion-content content1597430824162 \">\r\n                    <p>Ter\u00e1 de ir \u00e0 Google Play Store e instalar a \u00faltima vers\u00e3o da app Google Services for AR. A App Educora\u00e7\u00e3o n\u00e3o funciona sem esta app da Google instalada.<\/p>\n                <\/div>\r\n                    <\/div>\r\n    <script>\r\n        jQuery(document).ready(function($){accordions_active_index_25 = [];        })\r\n    <\/script>    <script>\r\n        jQuery(document).ready(function($){\r\n            accordion_25  = $(\"#accordions-25 .items\").accordion({\r\n                event: \"click\",\r\n                collapsible:true,\r\n                heightStyle: \"content\",\r\n                animate: (\"swing\", 1000),\r\n                navigation: true,\r\n                active: 999,\r\n                            });\r\n        })\r\n    <\/script>\r\n                <\/div>\n<\/div>\n\n\n\n<div class=\"wp-block-column\">\n<h4>Fale Connosco<\/h4>\n\n\n<div id='contact-form-5'>\n<form action='https:\/\/apps.ccul.pt\/educoracao\/#contact-form-5' method='post' class='contact-form commentsblock wp-block-jetpack-contact-form'>\n\n\n<div class='grunion-field-wrap grunion-field-name-wrap'  >\n<label\n\t\t\t\tfor='g5-name'\n\t\t\t\tclass='grunion-field-label name'\n\t\t\t\t>Name<span>(required)<\/span><\/label>\n<input\n\t\t\t\t\ttype='text'\n\t\t\t\t\tname='g5-name'\n\t\t\t\t\tid='g5-name'\n\t\t\t\t\tvalue=''\n\t\t\t\t\tclass='name' \n\t\t\t\t\trequired aria-required='true'\n\t\t\t\t\/>\n\t<\/div>\n\n\n\n<div class='grunion-field-wrap grunion-field-email-wrap'  >\n<label\n\t\t\t\tfor='g5-email'\n\t\t\t\tclass='grunion-field-label email'\n\t\t\t\t>Email<span>(required)<\/span><\/label>\n<input\n\t\t\t\t\ttype='email'\n\t\t\t\t\tname='g5-email'\n\t\t\t\t\tid='g5-email'\n\t\t\t\t\tvalue=''\n\t\t\t\t\tclass='email' \n\t\t\t\t\trequired aria-required='true'\n\t\t\t\t\/>\n\t<\/div>\n\n\n\n<div class='grunion-field-wrap grunion-field-textarea-wrap'  >\n<label\n\t\t\t\tfor='contact-form-comment-g5-mensagem'\n\t\t\t\tclass='grunion-field-label textarea'\n\t\t\t\t>Mensagem<span>(required)<\/span><\/label>\n<textarea\n\t\t                name='g5-mensagem'\n\t\t                id='contact-form-comment-g5-mensagem'\n\t\t                rows='20' class='textarea'  required aria-required='true'><\/textarea>\n\t<\/div>\n\n\n<div class=\"wp-block-jetpack-button\"><button class=\"wp-block-button__link\" style=\"\" data-id-attr=\"placeholder\" type=\"submit\">Enviar<\/button><\/div>\n\t\t<input type='hidden' name='contact-form-id' value='5' \/>\n\t\t<input type='hidden' name='action' value='grunion-contact-form' \/>\n\t\t<input type='hidden' name='contact-form-hash' value='a7f36f43d989bfbd8ef6fce3dd32e8ef6dd2e43e' \/>\n<\/form>\n<\/div><\/div>\n<\/div>\n\n\n\n<hr class=\"wp-block-separator is-style-default\"\/>\n\n\n\n<div class=\"wp-block-columns custom-footer\">\n<div class=\"wp-block-column\">\n<h6 class=\"has-text-align-center\" style=\"font-size:14px\">\u00a9 2020 EduCora\u00e7\u00e3o<\/h6>\n<\/div>\n\n\n\n<div class=\"wp-block-column\">\n<h6 class=\"has-text-align-center\" style=\"font-size:14px\">design by <a href=\"http:\/\/plura.pt\">Plura\u2122<\/a><\/h6>\n<\/div>\n<\/div>\n","protected":false},"excerpt":{"rendered":"<p>Publisher Centro Cardiovascular da Universidade de Lisboa, Faculdade de Medicina da Universidade de Lisboa (CCUL,FMUL) Suporte Financeiro Este projeto foi financiado pela Ci\u00eancia Viva \u2013 Ag\u00eancia Nacional para a Cultura Cient\u00edfica e Tecnol\u00f3gica, ao abrigo do concurso Comunicar Sa\u00fade.\u200b Perguntas Frequentes Fale Connosco \u00a9 2020 EduCora\u00e7\u00e3o design by Plura\u2122<\/p>\n","protected":false},"author":1,"featured_media":0,"parent":0,"menu_order":0,"comment_status":"closed","ping_status":"closed","template":"templates\/template-full-width.php","meta":{"spay_email":""},"_links":{"self":[{"href":"https:\/\/apps.ccul.pt\/educoracao\/wp-json\/wp\/v2\/pages\/5"}],"collection":[{"href":"https:\/\/apps.ccul.pt\/educoracao\/wp-json\/wp\/v2\/pages"}],"about":[{"href":"https:\/\/apps.ccul.pt\/educoracao\/wp-json\/wp\/v2\/types\/page"}],"author":[{"embeddable":true,"href":"https:\/\/apps.ccul.pt\/educoracao\/wp-json\/wp\/v2\/users\/1"}],"replies":[{"embeddable":true,"href":"https:\/\/apps.ccul.pt\/educoracao\/wp-json\/wp\/v2\/comments?post=5"}],"version-history":[{"count":55,"href":"https:\/\/apps.ccul.pt\/educoracao\/wp-json\/wp\/v2\/pages\/5\/revisions"}],"predecessor-version":[{"id":118,"href":"https:\/\/apps.ccul.pt\/educoracao\/wp-json\/wp\/v2\/pages\/5\/revisions\/118"}],"wp:attachment":[{"href":"https:\/\/apps.ccul.pt\/educoracao\/wp-json\/wp\/v2\/media?parent=5"}],"curies":[{"name":"wp","href":"https:\/\/api.w.org\/{rel}","templated":true}]}}